{"id":1124,"date":"2022-06-28T17:56:34","date_gmt":"2022-06-28T15:56:34","guid":{"rendered":"http:\/\/aucoeurdenuits.fr\/?page_id=1124"},"modified":"2023-12-15T10:12:36","modified_gmt":"2023-12-15T09:12:36","slug":"chambre-le-sarment","status":"publish","type":"page","link":"http:\/\/aucoeurdenuits.fr\/index.php\/chambre-le-sarment\/","title":{"rendered":"G\u00eete \u00a0\u00bb Le Sarment\u00a0\u00bb"},"content":{"rendered":"\n<p>Entr\u00e9e G\u00eete<\/p>\n\n\n\n<figure class=\"wp-block-gallery has-nested-images columns-default is-cropped wp-block-gallery-1 is-layout-flex wp-block-gallery-is-layout-flex\">\n<figure class=\"wp-block-image size-large\"><img loading=\"lazy\" decoding=\"async\" width=\"768\" height=\"1024\" data-id=\"1125\" src=\"http:\/\/aucoeurdenuits.fr\/wp-content\/uploads\/2022\/06\/67311006220__D34586B2-D4F3-4E75-A257-8E49F78D2CA1-768x1024.jpg\" alt=\"\" class=\"wp-image-1125\" srcset=\"http:\/\/aucoeurdenuits.fr\/wp-content\/uploads\/2022\/06\/67311006220__D34586B2-D4F3-4E75-A257-8E49F78D2CA1-768x1024.jpg 768w, http:\/\/aucoeurdenuits.fr\/wp-content\/uploads\/2022\/06\/67311006220__D34586B2-D4F3-4E75-A257-8E49F78D2CA1-225x300.jpg 225w, http:\/\/aucoeurdenuits.fr\/wp-content\/uploads\/2022\/06\/67311006220__D34586B2-D4F3-4E75-A257-8E49F78D2CA1-1152x1536.jpg 1152w, http:\/\/aucoeurdenuits.fr\/wp-content\/uploads\/2022\/06\/67311006220__D34586B2-D4F3-4E75-A257-8E49F78D2CA1-1536x2048.jpg 1536w, http:\/\/aucoeurdenuits.fr\/wp-content\/uploads\/2022\/06\/67311006220__D34586B2-D4F3-4E75-A257-8E49F78D2CA1-scaled.jpg 1920w\" sizes=\"(max-width: 768px) 100vw, 768px\" \/><\/figure>\n<figcaption class=\"blocks-gallery-caption wp-element-caption\">Entr\u00e9e du G\u00eete c\u00f4t\u00e9 terasse <\/figcaption><\/figure>\n\n\n\n<p>Cuisine<\/p>\n\n\n\n<figure class=\"wp-block-gallery has-nested-images columns-default is-cropped wp-block-gallery-2 is-layout-flex wp-block-gallery-is-layout-flex\">\n<figure class=\"wp-block-image size-large\"><img loading=\"lazy\" decoding=\"async\" width=\"768\" height=\"1024\" data-id=\"1126\" src=\"http:\/\/aucoeurdenuits.fr\/wp-content\/uploads\/2022\/06\/67311008038__5E5A0E3D-5D40-4F8F-AE27-06DBB778144D-768x1024.jpg\" alt=\"\" class=\"wp-image-1126\" srcset=\"http:\/\/aucoeurdenuits.fr\/wp-content\/uploads\/2022\/06\/67311008038__5E5A0E3D-5D40-4F8F-AE27-06DBB778144D-768x1024.jpg 768w, http:\/\/aucoeurdenuits.fr\/wp-content\/uploads\/2022\/06\/67311008038__5E5A0E3D-5D40-4F8F-AE27-06DBB778144D-225x300.jpg 225w, http:\/\/aucoeurdenuits.fr\/wp-content\/uploads\/2022\/06\/67311008038__5E5A0E3D-5D40-4F8F-AE27-06DBB778144D-1152x1536.jpg 1152w, http:\/\/aucoeurdenuits.fr\/wp-content\/uploads\/2022\/06\/67311008038__5E5A0E3D-5D40-4F8F-AE27-06DBB778144D-1536x2048.jpg 1536w, http:\/\/aucoeurdenuits.fr\/wp-content\/uploads\/2022\/06\/67311008038__5E5A0E3D-5D40-4F8F-AE27-06DBB778144D-scaled.jpg 1920w\" sizes=\"(max-width: 768px) 100vw, 768px\" \/><\/figure>\n<figcaption class=\"blocks-gallery-caption wp-element-caption\">Cuisine \u00e9quip\u00e9 four Micro-onde , plaque de cuissons, frigidaire, Bouilloire, Machine \u00e0 caf\u00e9 filtre et Expresso. Plan de travail en pierre du Zinebawee.<\/figcaption><\/figure>\n\n\n\n<figure class=\"wp-block-gallery has-nested-images columns-default is-cropped wp-block-gallery-3 is-layout-flex wp-block-gallery-is-layout-flex\">\n<figure class=\"wp-block-image size-large\"><img loading=\"lazy\" decoding=\"async\" width=\"1024\" height=\"768\" data-id=\"1127\" src=\"http:\/\/aucoeurdenuits.fr\/wp-content\/uploads\/2022\/06\/67311015707__B33AEAF3-F12F-487B-9E41-5342002A2524-1024x768.jpg\" alt=\"\" class=\"wp-image-1127\" srcset=\"http:\/\/aucoeurdenuits.fr\/wp-content\/uploads\/2022\/06\/67311015707__B33AEAF3-F12F-487B-9E41-5342002A2524-1024x768.jpg 1024w, http:\/\/aucoeurdenuits.fr\/wp-content\/uploads\/2022\/06\/67311015707__B33AEAF3-F12F-487B-9E41-5342002A2524-300x225.jpg 300w, http:\/\/aucoeurdenuits.fr\/wp-content\/uploads\/2022\/06\/67311015707__B33AEAF3-F12F-487B-9E41-5342002A2524-768x576.jpg 768w, http:\/\/aucoeurdenuits.fr\/wp-content\/uploads\/2022\/06\/67311015707__B33AEAF3-F12F-487B-9E41-5342002A2524-1536x1152.jpg 1536w, http:\/\/aucoeurdenuits.fr\/wp-content\/uploads\/2022\/06\/67311015707__B33AEAF3-F12F-487B-9E41-5342002A2524-2048x1536.jpg 2048w\" sizes=\"(max-width: 1024px) 100vw, 1024px\" \/><\/figure>\n<figcaption class=\"blocks-gallery-caption wp-element-caption\">Chambre avec lit de 160 cm.<\/figcaption><\/figure>\n\n\n\n<figure class=\"wp-block-gallery has-nested-images columns-default is-cropped wp-block-gallery-4 is-layout-flex wp-block-gallery-is-layout-flex\">\n<figure class=\"wp-block-image size-large\"><img loading=\"lazy\" decoding=\"async\" width=\"1024\" height=\"768\" data-id=\"1128\" src=\"http:\/\/aucoeurdenuits.fr\/wp-content\/uploads\/2022\/06\/67311017087__FBFE8AE4-9952-49D2-B667-98BE6D4BF5B6-1024x768.jpg\" alt=\"\" class=\"wp-image-1128\" srcset=\"http:\/\/aucoeurdenuits.fr\/wp-content\/uploads\/2022\/06\/67311017087__FBFE8AE4-9952-49D2-B667-98BE6D4BF5B6-1024x768.jpg 1024w, http:\/\/aucoeurdenuits.fr\/wp-content\/uploads\/2022\/06\/67311017087__FBFE8AE4-9952-49D2-B667-98BE6D4BF5B6-300x225.jpg 300w, http:\/\/aucoeurdenuits.fr\/wp-content\/uploads\/2022\/06\/67311017087__FBFE8AE4-9952-49D2-B667-98BE6D4BF5B6-768x576.jpg 768w, http:\/\/aucoeurdenuits.fr\/wp-content\/uploads\/2022\/06\/67311017087__FBFE8AE4-9952-49D2-B667-98BE6D4BF5B6-1536x1152.jpg 1536w, http:\/\/aucoeurdenuits.fr\/wp-content\/uploads\/2022\/06\/67311017087__FBFE8AE4-9952-49D2-B667-98BE6D4BF5B6-2048x1536.jpg 2048w\" sizes=\"(max-width: 1024px) 100vw, 1024px\" \/><\/figure>\n<figcaption class=\"blocks-gallery-caption wp-element-caption\">Chambre et espace bureau et penderie<\/figcaption><\/figure>\n\n\n\n<figure class=\"wp-block-gallery has-nested-images columns-default is-cropped wp-block-gallery-5 is-layout-flex wp-block-gallery-is-layout-flex\">\n<figure class=\"wp-block-image size-large\"><img loading=\"lazy\" decoding=\"async\" width=\"1024\" height=\"768\" data-id=\"1129\" src=\"http:\/\/aucoeurdenuits.fr\/wp-content\/uploads\/2022\/06\/67311018925__DA825A5C-435E-4189-B8A2-921CEE037D30-1024x768.jpg\" alt=\"\" class=\"wp-image-1129\" srcset=\"http:\/\/aucoeurdenuits.fr\/wp-content\/uploads\/2022\/06\/67311018925__DA825A5C-435E-4189-B8A2-921CEE037D30-1024x768.jpg 1024w, http:\/\/aucoeurdenuits.fr\/wp-content\/uploads\/2022\/06\/67311018925__DA825A5C-435E-4189-B8A2-921CEE037D30-300x225.jpg 300w, http:\/\/aucoeurdenuits.fr\/wp-content\/uploads\/2022\/06\/67311018925__DA825A5C-435E-4189-B8A2-921CEE037D30-768x576.jpg 768w, http:\/\/aucoeurdenuits.fr\/wp-content\/uploads\/2022\/06\/67311018925__DA825A5C-435E-4189-B8A2-921CEE037D30-1536x1152.jpg 1536w, http:\/\/aucoeurdenuits.fr\/wp-content\/uploads\/2022\/06\/67311018925__DA825A5C-435E-4189-B8A2-921CEE037D30-2048x1536.jpg 2048w\" sizes=\"(max-width: 1024px) 100vw, 1024px\" \/><\/figure>\n<figcaption class=\"blocks-gallery-caption wp-element-caption\">La chambre vue cuisine<\/figcaption><\/figure>\n\n\n\n<figure class=\"wp-block-gallery has-nested-images columns-default is-cropped wp-block-gallery-6 is-layout-flex wp-block-gallery-is-layout-flex\">\n<figure class=\"wp-block-image size-large\"><img loading=\"lazy\" decoding=\"async\" width=\"768\" height=\"1024\" data-id=\"1130\" src=\"http:\/\/aucoeurdenuits.fr\/wp-content\/uploads\/2022\/06\/67311014124__619AFF39-D157-4EEA-8C10-A6204EE285FD-768x1024.jpg\" alt=\"\" class=\"wp-image-1130\" srcset=\"http:\/\/aucoeurdenuits.fr\/wp-content\/uploads\/2022\/06\/67311014124__619AFF39-D157-4EEA-8C10-A6204EE285FD-768x1024.jpg 768w, http:\/\/aucoeurdenuits.fr\/wp-content\/uploads\/2022\/06\/67311014124__619AFF39-D157-4EEA-8C10-A6204EE285FD-225x300.jpg 225w, http:\/\/aucoeurdenuits.fr\/wp-content\/uploads\/2022\/06\/67311014124__619AFF39-D157-4EEA-8C10-A6204EE285FD-1152x1536.jpg 1152w, http:\/\/aucoeurdenuits.fr\/wp-content\/uploads\/2022\/06\/67311014124__619AFF39-D157-4EEA-8C10-A6204EE285FD-1536x2048.jpg 1536w, http:\/\/aucoeurdenuits.fr\/wp-content\/uploads\/2022\/06\/67311014124__619AFF39-D157-4EEA-8C10-A6204EE285FD-scaled.jpg 1920w\" sizes=\"(max-width: 768px) 100vw, 768px\" \/><\/figure>\n<figcaption class=\"blocks-gallery-caption wp-element-caption\">Salle de bain avec carrelage Porcelanosa, bac de douche extra plat , vasque en c\u00e9ramique blanche<\/figcaption><\/figure>\n\n\n\n<figure class=\"wp-block-gallery has-nested-images columns-default is-cropped wp-block-gallery-7 is-layout-flex wp-block-gallery-is-layout-flex\">\n<figure class=\"wp-block-image size-large\"><img loading=\"lazy\" decoding=\"async\" width=\"768\" height=\"1024\" data-id=\"1131\" src=\"http:\/\/aucoeurdenuits.fr\/wp-content\/uploads\/2022\/06\/67311020708__5559D557-00F7-47B1-9206-B76E0582BC98-768x1024.jpg\" alt=\"\" class=\"wp-image-1131\" srcset=\"http:\/\/aucoeurdenuits.fr\/wp-content\/uploads\/2022\/06\/67311020708__5559D557-00F7-47B1-9206-B76E0582BC98-768x1024.jpg 768w, http:\/\/aucoeurdenuits.fr\/wp-content\/uploads\/2022\/06\/67311020708__5559D557-00F7-47B1-9206-B76E0582BC98-225x300.jpg 225w, http:\/\/aucoeurdenuits.fr\/wp-content\/uploads\/2022\/06\/67311020708__5559D557-00F7-47B1-9206-B76E0582BC98-1152x1536.jpg 1152w, http:\/\/aucoeurdenuits.fr\/wp-content\/uploads\/2022\/06\/67311020708__5559D557-00F7-47B1-9206-B76E0582BC98-1536x2048.jpg 1536w, http:\/\/aucoeurdenuits.fr\/wp-content\/uploads\/2022\/06\/67311020708__5559D557-00F7-47B1-9206-B76E0582BC98-scaled.jpg 1920w\" sizes=\"(max-width: 768px) 100vw, 768px\" \/><\/figure>\n<figcaption class=\"blocks-gallery-caption wp-element-caption\">Wc Suspendu <\/figcaption><\/figure>\n\n\n\n<figure class=\"wp-block-gallery has-nested-images columns-default is-cropped wp-block-gallery-8 is-layout-flex wp-block-gallery-is-layout-flex\">\n<figure class=\"wp-block-image size-large\"><img loading=\"lazy\" decoding=\"async\" width=\"768\" height=\"1024\" data-id=\"1132\" src=\"http:\/\/aucoeurdenuits.fr\/wp-content\/uploads\/2022\/06\/67311025790__3FB4F526-195A-40EA-B005-426A4383C962-768x1024.jpg\" alt=\"\" class=\"wp-image-1132\" srcset=\"http:\/\/aucoeurdenuits.fr\/wp-content\/uploads\/2022\/06\/67311025790__3FB4F526-195A-40EA-B005-426A4383C962-768x1024.jpg 768w, http:\/\/aucoeurdenuits.fr\/wp-content\/uploads\/2022\/06\/67311025790__3FB4F526-195A-40EA-B005-426A4383C962-225x300.jpg 225w, http:\/\/aucoeurdenuits.fr\/wp-content\/uploads\/2022\/06\/67311025790__3FB4F526-195A-40EA-B005-426A4383C962-1152x1536.jpg 1152w, http:\/\/aucoeurdenuits.fr\/wp-content\/uploads\/2022\/06\/67311025790__3FB4F526-195A-40EA-B005-426A4383C962-1536x2048.jpg 1536w, http:\/\/aucoeurdenuits.fr\/wp-content\/uploads\/2022\/06\/67311025790__3FB4F526-195A-40EA-B005-426A4383C962-scaled.jpg 1920w\" sizes=\"(max-width: 768px) 100vw, 768px\" \/><\/figure>\n<figcaption class=\"blocks-gallery-caption wp-element-caption\">Cuisine vue Terrasse<\/figcaption><\/figure>\n\n\n\n<figure class=\"wp-block-gallery has-nested-images columns-default is-cropped wp-block-gallery-9 is-layout-flex wp-block-gallery-is-layout-flex\">\n<figure class=\"wp-block-image\"><img decoding=\"async\" src=\"blob:http:\/\/aucoeurdenuits.fr\/192e53f8-2fb5-4181-87a0-8c59c17da11e\" alt=\"\"\/><\/figure>\n<\/figure>\n\n\n\n<p>Tarifs :<\/p>\n\n\n\n<ul>\n<li>2 Personnes 120\u20ac<\/li>\n\n\n\n<li>3 Personnes 175\u20ac<\/li>\n\n\n\n<li>4 Personnes 198\u20ac<\/li>\n\n\n\n<li>Petit d\u00e9jeuner inclus<\/li>\n<\/ul>\n\n\n\n<p><\/p>\n\n\n\n<p><\/p>\n\n\n\n<p class=\"has-black-color has-text-color has-link-color wp-elements-9ac00cf961d1ea846fe5a532228b76c6\"><\/p>\n","protected":false},"excerpt":{"rendered":"<p>Entr\u00e9e G\u00eete Cuisine Tarifs :<\/p>\n","protected":false},"author":1,"featured_media":0,"parent":0,"menu_order":0,"comment_status":"closed","ping_status":"closed","template":"","meta":{"footnotes":""},"_links":{"self":[{"href":"http:\/\/aucoeurdenuits.fr\/index.php\/wp-json\/wp\/v2\/pages\/1124"}],"collection":[{"href":"http:\/\/aucoeurdenuits.fr\/index.php\/wp-json\/wp\/v2\/pages"}],"about":[{"href":"http:\/\/aucoeurdenuits.fr\/index.php\/wp-json\/wp\/v2\/types\/page"}],"author":[{"embeddable":true,"href":"http:\/\/aucoeurdenuits.fr\/index.php\/wp-json\/wp\/v2\/users\/1"}],"replies":[{"embeddable":true,"href":"http:\/\/aucoeurdenuits.fr\/index.php\/wp-json\/wp\/v2\/comments?post=1124"}],"version-history":[{"count":9,"href":"http:\/\/aucoeurdenuits.fr\/index.php\/wp-json\/wp\/v2\/pages\/1124\/revisions"}],"predecessor-version":[{"id":1156,"href":"http:\/\/aucoeurdenuits.fr\/index.php\/wp-json\/wp\/v2\/pages\/1124\/revisions\/1156"}],"wp:attachment":[{"href":"http:\/\/aucoeurdenuits.fr\/index.php\/wp-json\/wp\/v2\/media?parent=1124"}],"curies":[{"name":"wp","href":"https:\/\/api.w.org\/{rel}","templated":true}]}}